{"id":160,"date":"2023-05-31T16:00:11","date_gmt":"2023-05-31T14:00:11","guid":{"rendered":"http:\/\/enduro-premium.com\/thatsit\/?page_id=160"},"modified":"2023-06-28T15:05:36","modified_gmt":"2023-06-28T13:05:36","slug":"pure-touch","status":"publish","type":"page","link":"https:\/\/www.thats-it.fr\/index.php\/pure-touch\/","title":{"rendered":"Pure Touch"},"content":{"rendered":"\n<figure class=\"wp-block-image size-full\"><img loading=\"lazy\" decoding=\"async\" width=\"1896\" height=\"702\" src=\"http:\/\/enduro-premium.com\/thatsit\/wp-content\/uploads\/2023\/06\/PureTouch-HeaderOriginal-4.jpg\" alt=\"\" class=\"wp-image-1715\" srcset=\"https:\/\/www.thats-it.fr\/wp-content\/uploads\/2023\/06\/PureTouch-HeaderOriginal-4.jpg 1896w, https:\/\/www.thats-it.fr\/wp-content\/uploads\/2023\/06\/PureTouch-HeaderOriginal-4-300x111.jpg 300w, https:\/\/www.thats-it.fr\/wp-content\/uploads\/2023\/06\/PureTouch-HeaderOriginal-4-1024x379.jpg 1024w, https:\/\/www.thats-it.fr\/wp-content\/uploads\/2023\/06\/PureTouch-HeaderOriginal-4-768x284.jpg 768w, https:\/\/www.thats-it.fr\/wp-content\/uploads\/2023\/06\/PureTouch-HeaderOriginal-4-1536x569.jpg 1536w\" sizes=\"auto, (max-width: 1896px) 100vw, 1896px\" \/><\/figure>\n\n\n\n<figure class=\"wp-block-image size-full\"><img loading=\"lazy\" decoding=\"async\" width=\"1896\" height=\"702\" src=\"http:\/\/enduro-premium.com\/thatsit\/wp-content\/uploads\/2023\/06\/puretouch-n2-4.jpg\" alt=\"\" class=\"wp-image-1551\" srcset=\"https:\/\/www.thats-it.fr\/wp-content\/uploads\/2023\/06\/puretouch-n2-4.jpg 1896w, https:\/\/www.thats-it.fr\/wp-content\/uploads\/2023\/06\/puretouch-n2-4-300x111.jpg 300w, https:\/\/www.thats-it.fr\/wp-content\/uploads\/2023\/06\/puretouch-n2-4-1024x379.jpg 1024w, https:\/\/www.thats-it.fr\/wp-content\/uploads\/2023\/06\/puretouch-n2-4-768x284.jpg 768w, https:\/\/www.thats-it.fr\/wp-content\/uploads\/2023\/06\/puretouch-n2-4-1536x569.jpg 1536w\" sizes=\"auto, (max-width: 1896px) 100vw, 1896px\" \/><\/figure>\n\n\n\n<figure class=\"wp-block-image size-full\"><img loading=\"lazy\" decoding=\"async\" width=\"1896\" height=\"702\" src=\"http:\/\/enduro-premium.com\/thatsit\/wp-content\/uploads\/2023\/06\/puretouch-n3-1.jpg\" alt=\"\" class=\"wp-image-1552\" srcset=\"https:\/\/www.thats-it.fr\/wp-content\/uploads\/2023\/06\/puretouch-n3-1.jpg 1896w, https:\/\/www.thats-it.fr\/wp-content\/uploads\/2023\/06\/puretouch-n3-1-300x111.jpg 300w, https:\/\/www.thats-it.fr\/wp-content\/uploads\/2023\/06\/puretouch-n3-1-1024x379.jpg 1024w, https:\/\/www.thats-it.fr\/wp-content\/uploads\/2023\/06\/puretouch-n3-1-768x284.jpg 768w, https:\/\/www.thats-it.fr\/wp-content\/uploads\/2023\/06\/puretouch-n3-1-1536x569.jpg 1536w\" sizes=\"auto, (max-width: 1896px) 100vw, 1896px\" \/><\/figure>\n\n\n\n<div class=\"wp-block-columns is-layout-flex wp-container-core-columns-is-layout-9d6595d7 wp-block-columns-is-layout-flex\">\n<div class=\"wp-block-column has-white-color has-text-color has-background is-layout-flow wp-block-column-is-layout-flow\" style=\"background-color:#029bc9;flex-basis:100%\">\n<figure class=\"wp-block-image size-full\"><img loading=\"lazy\" decoding=\"async\" width=\"1896\" height=\"283\" src=\"http:\/\/enduro-premium.com\/thatsit\/wp-content\/uploads\/2023\/06\/PT-titreN4-1.jpg\" alt=\"\" class=\"wp-image-1553\" srcset=\"https:\/\/www.thats-it.fr\/wp-content\/uploads\/2023\/06\/PT-titreN4-1.jpg 1896w, https:\/\/www.thats-it.fr\/wp-content\/uploads\/2023\/06\/PT-titreN4-1-300x45.jpg 300w, https:\/\/www.thats-it.fr\/wp-content\/uploads\/2023\/06\/PT-titreN4-1-1024x153.jpg 1024w, https:\/\/www.thats-it.fr\/wp-content\/uploads\/2023\/06\/PT-titreN4-1-768x115.jpg 768w, https:\/\/www.thats-it.fr\/wp-content\/uploads\/2023\/06\/PT-titreN4-1-1536x229.jpg 1536w\" sizes=\"auto, (max-width: 1896px) 100vw, 1896px\" \/><\/figure>\n\n\n\n<div class=\"wp-block-columns has-white-color has-text-color has-background is-layout-flex wp-container-core-columns-is-layout-9d6595d7 wp-block-columns-is-layout-flex\" style=\"background-color:#029bc9\">\n<div class=\"wp-block-column is-layout-flow wp-block-column-is-layout-flow\" style=\"flex-basis:302px\"><\/div>\n\n\n\n<div class=\"wp-block-column is-layout-flow wp-block-column-is-layout-flow\" style=\"flex-basis:200px\">\n<figure class=\"wp-block-image size-full\"><a href=\"https:\/\/www.thats-it.fr\/index.php\/pure-touch\/pure-touch-365\/\"><img loading=\"lazy\" decoding=\"async\" width=\"200\" height=\"200\" src=\"http:\/\/enduro-premium.com\/thatsit\/wp-content\/uploads\/2023\/06\/PT365.jpg\" alt=\"\" class=\"wp-image-1526\" srcset=\"https:\/\/www.thats-it.fr\/wp-content\/uploads\/2023\/06\/PT365.jpg 200w, https:\/\/www.thats-it.fr\/wp-content\/uploads\/2023\/06\/PT365-150x150.jpg 150w\" sizes=\"auto, (max-width: 200px) 100vw, 200px\" \/><\/a><\/figure>\n\n\n\n<p class=\"has-white-color has-text-color has-small-font-size\">Protection contre les virus envelopp\u00e9s et les bacteries, ainsi que contre les dommages, pour une dur\u00e9e d&rsquo;un an<\/p>\n<\/div>\n\n\n\n<div class=\"wp-block-column is-layout-flow wp-block-column-is-layout-flow\" style=\"flex-basis:200px\">\n<figure class=\"wp-block-image size-full\"><a href=\"https:\/\/www.thats-it.fr\/index.php\/pure-touch\/pure-touch-730\/\"><img loading=\"lazy\" decoding=\"async\" width=\"200\" height=\"200\" src=\"http:\/\/enduro-premium.com\/thatsit\/wp-content\/uploads\/2023\/06\/PT730.jpg\" alt=\"\" class=\"wp-image-1527\" srcset=\"https:\/\/www.thats-it.fr\/wp-content\/uploads\/2023\/06\/PT730.jpg 200w, https:\/\/www.thats-it.fr\/wp-content\/uploads\/2023\/06\/PT730-150x150.jpg 150w\" sizes=\"auto, (max-width: 200px) 100vw, 200px\" \/><\/a><\/figure>\n\n\n\n<p class=\"has-white-color has-text-color has-small-font-size\">Jusqu&rsquo;\u00e0 deux ans de protection contre les virus envelopp\u00e9s et les bact\u00e9ries<\/p>\n<\/div>\n\n\n\n<div class=\"wp-block-column is-layout-flow wp-block-column-is-layout-flow\" style=\"flex-basis:200px\"><\/div>\n<\/div>\n<\/div>\n<\/div>\n\n\n\n<figure class=\"wp-block-image size-full\"><img loading=\"lazy\" decoding=\"async\" width=\"1896\" height=\"398\" src=\"https:\/\/www.thats-it.fr\/wp-content\/uploads\/2023\/07\/Telechargement.jpg\" alt=\"\" class=\"wp-image-1964\" srcset=\"https:\/\/www.thats-it.fr\/wp-content\/uploads\/2023\/07\/Telechargement.jpg 1896w, https:\/\/www.thats-it.fr\/wp-content\/uploads\/2023\/07\/Telechargement-300x63.jpg 300w, https:\/\/www.thats-it.fr\/wp-content\/uploads\/2023\/07\/Telechargement-1024x215.jpg 1024w, https:\/\/www.thats-it.fr\/wp-content\/uploads\/2023\/07\/Telechargement-768x161.jpg 768w, https:\/\/www.thats-it.fr\/wp-content\/uploads\/2023\/07\/Telechargement-1536x322.jpg 1536w\" sizes=\"auto, (max-width: 1896px) 100vw, 1896px\" \/><\/figure>\n\n\n\n<div class=\"wp-block-columns is-layout-flex wp-container-core-columns-is-layout-9d6595d7 wp-block-columns-is-layout-flex\">\n<div class=\"wp-block-column is-layout-flow wp-block-column-is-layout-flow\" style=\"flex-basis:302px\"><\/div>\n\n\n\n<div class=\"wp-block-column is-layout-flow wp-block-column-is-layout-flow\">\n<figure class=\"wp-block-image size-full\"><a href=\"https:\/\/www.thats-it.fr\/wp-content\/uploads\/2023\/06\/Consumerflyer-PURE-TOUCH-FR.pdf\"><img loading=\"lazy\" decoding=\"async\" width=\"400\" height=\"31\" src=\"https:\/\/www.thats-it.fr\/wp-content\/uploads\/2023\/06\/icoTelech-PT-flyer.jpg\" alt=\"\" class=\"wp-image-1919\" srcset=\"https:\/\/www.thats-it.fr\/wp-content\/uploads\/2023\/06\/icoTelech-PT-flyer.jpg 400w, https:\/\/www.thats-it.fr\/wp-content\/uploads\/2023\/06\/icoTelech-PT-flyer-300x23.jpg 300w\" sizes=\"auto, (max-width: 400px) 100vw, 400px\" \/><\/a><\/figure>\n\n\n\n<figure class=\"wp-block-image size-full\"><a href=\"https:\/\/www.thats-it.fr\/wp-content\/uploads\/2023\/06\/that_s-it-PURE-TOUCH-x-CABINETS-MEDICAUX.pdf\"><img loading=\"lazy\" decoding=\"async\" width=\"420\" height=\"31\" src=\"https:\/\/www.thats-it.fr\/wp-content\/uploads\/2023\/06\/icoTelech-PT-cabinets-medicaux.jpg\" alt=\"\" class=\"wp-image-1923\" srcset=\"https:\/\/www.thats-it.fr\/wp-content\/uploads\/2023\/06\/icoTelech-PT-cabinets-medicaux.jpg 420w, https:\/\/www.thats-it.fr\/wp-content\/uploads\/2023\/06\/icoTelech-PT-cabinets-medicaux-300x22.jpg 300w\" sizes=\"auto, (max-width: 420px) 100vw, 420px\" \/><\/a><\/figure>\n\n\n\n<figure class=\"wp-block-image size-full\"><a href=\"https:\/\/www.thats-it.fr\/wp-content\/uploads\/2023\/06\/that_s-it-PURE-TOUCH-LINGETTE-pour-Taxi.pdf\"><img loading=\"lazy\" decoding=\"async\" width=\"400\" height=\"31\" src=\"https:\/\/www.thats-it.fr\/wp-content\/uploads\/2023\/06\/icoTelech-PT-lingette.jpg\" alt=\"\" class=\"wp-image-1926\" srcset=\"https:\/\/www.thats-it.fr\/wp-content\/uploads\/2023\/06\/icoTelech-PT-lingette.jpg 400w, https:\/\/www.thats-it.fr\/wp-content\/uploads\/2023\/06\/icoTelech-PT-lingette-300x23.jpg 300w\" sizes=\"auto, (max-width: 400px) 100vw, 400px\" \/><\/a><\/figure>\n\n\n\n<figure class=\"wp-block-image size-full\"><a href=\"https:\/\/www.thats-it.fr\/wp-content\/uploads\/2023\/06\/Transport-Public-PURE-TOUCH.pdf\"><img loading=\"lazy\" decoding=\"async\" width=\"482\" height=\"31\" src=\"https:\/\/www.thats-it.fr\/wp-content\/uploads\/2023\/06\/icoTelech-PT-transportspublics.jpg\" alt=\"\" class=\"wp-image-1944\" srcset=\"https:\/\/www.thats-it.fr\/wp-content\/uploads\/2023\/06\/icoTelech-PT-transportspublics.jpg 482w, https:\/\/www.thats-it.fr\/wp-content\/uploads\/2023\/06\/icoTelech-PT-transportspublics-300x19.jpg 300w, https:\/\/www.thats-it.fr\/wp-content\/uploads\/2023\/06\/icoTelech-PT-transportspublics-480x31.jpg 480w\" sizes=\"auto, (max-width: 482px) 100vw, 482px\" \/><\/a><\/figure>\n<\/div>\n<\/div>\n\n\n\n<div style=\"height:100px\" aria-hidden=\"true\" class=\"wp-block-spacer\"><\/div>\n\n\n\n<div class=\"wp-block-columns is-layout-flex wp-container-core-columns-is-layout-9d6595d7 wp-block-columns-is-layout-flex\">\n<div class=\"wp-block-column is-layout-flow wp-block-column-is-layout-flow\" style=\"flex-basis:13.5%\">\n<p class=\"has-text-align-right\">Vid\u00e9o en anglais<\/p>\n<\/div>\n\n\n\n<div class=\"wp-block-column is-layout-flow wp-block-column-is-layout-flow\" style=\"flex-basis:50%\">\n<figure class=\"wp-block-video\"><video height=\"360\" style=\"aspect-ratio: 640 \/ 360;\" width=\"640\" controls src=\"https:\/\/www.thats-it.fr\/wp-content\/uploads\/2023\/06\/Thats-it-Cartoon-English.mp4\"><\/video><\/figure>\n<\/div>\n\n\n\n<div class=\"wp-block-column is-layout-flow wp-block-column-is-layout-flow\" style=\"flex-basis:25%\"><\/div>\n<\/div>\n\n\n\n<figure class=\"wp-block-image size-full\"><img loading=\"lazy\" decoding=\"async\" width=\"1920\" height=\"176\" src=\"http:\/\/enduro-premium.com\/thatsit\/wp-content\/uploads\/2023\/06\/TitreContact-1.jpg\" alt=\"\" class=\"wp-image-1742\" srcset=\"https:\/\/www.thats-it.fr\/wp-content\/uploads\/2023\/06\/TitreContact-1.jpg 1920w, https:\/\/www.thats-it.fr\/wp-content\/uploads\/2023\/06\/TitreContact-1-300x28.jpg 300w, https:\/\/www.thats-it.fr\/wp-content\/uploads\/2023\/06\/TitreContact-1-1024x94.jpg 1024w, https:\/\/www.thats-it.fr\/wp-content\/uploads\/2023\/06\/TitreContact-1-768x70.jpg 768w, https:\/\/www.thats-it.fr\/wp-content\/uploads\/2023\/06\/TitreContact-1-1536x141.jpg 1536w\" sizes=\"auto, (max-width: 1920px) 100vw, 1920px\" \/><\/figure>\n\n\n\n<div class=\"wp-block-columns is-layout-flex wp-container-core-columns-is-layout-9d6595d7 wp-block-columns-is-layout-flex\">\n<div class=\"wp-block-column is-layout-flow wp-block-column-is-layout-flow\" style=\"flex-basis:13.5%\"><\/div>\n\n\n\n<div class=\"wp-block-column is-layout-flow wp-block-column-is-layout-flow\" style=\"flex-basis:70%\"><style id=\"wpforms-css-vars-root\">\n\t\t\t\t:root {\n\t\t\t\t\t--wpforms-field-border-radius: 3px;\n--wpforms-field-background-color: #ffffff;\n--wpforms-field-border-color: rgba( 0, 0, 0, 0.25 );\n--wpforms-field-text-color: rgba( 0, 0, 0, 0.7 );\n--wpforms-label-color: rgba( 0, 0, 0, 0.85 );\n--wpforms-label-sublabel-color: rgba( 0, 0, 0, 0.55 );\n--wpforms-label-error-color: #d63637;\n--wpforms-button-border-radius: 3px;\n--wpforms-button-background-color: #066aab;\n--wpforms-button-text-color: #ffffff;\n--wpforms-field-size-input-height: 43px;\n--wpforms-field-size-input-spacing: 15px;\n--wpforms-field-size-font-size: 16px;\n--wpforms-field-size-line-height: 19px;\n--wpforms-field-size-padding-h: 14px;\n--wpforms-field-size-checkbox-size: 16px;\n--wpforms-field-size-sublabel-spacing: 5px;\n--wpforms-field-size-icon-size: 1;\n--wpforms-label-size-font-size: 16px;\n--wpforms-label-size-line-height: 19px;\n--wpforms-label-size-sublabel-font-size: 14px;\n--wpforms-label-size-sublabel-line-height: 17px;\n--wpforms-button-size-font-size: 17px;\n--wpforms-button-size-height: 41px;\n--wpforms-button-size-padding-h: 15px;\n--wpforms-button-size-margin-top: 10px;\n\n\t\t\t\t}\n\t\t\t<\/style><div class=\"wpforms-container wpforms-container-full wpforms-block wpforms-block-0211f4be-08fc-4074-8b3f-c2d4885be681 wpforms-render-modern\" id=\"wpforms-1545\"><form id=\"wpforms-form-1545\" class=\"wpforms-validate wpforms-form wpforms-ajax-form\" data-formid=\"1545\" method=\"post\" enctype=\"multipart\/form-data\" action=\"\/index.php\/wp-json\/wp\/v2\/pages\/160\" data-token=\"f257e2afae8fc104fce593fe02cbd5a7\"><noscript class=\"wpforms-error-noscript\">Veuillez activer JavaScript dans votre navigateur pour remplir ce formulaire.<\/noscript><div class=\"wpforms-hidden\" id=\"wpforms-error-noscript\">Veuillez activer JavaScript dans votre navigateur pour remplir ce formulaire.<\/div><div class=\"wpforms-field-container\"><div id=\"wpforms-1545-field_0-container\" class=\"wpforms-field wpforms-field-name\" data-field-id=\"0\"><fieldset><legend class=\"wpforms-field-label\">Nom <span class=\"wpforms-required-label\" aria-hidden=\"true\">*<\/span><\/legend><div class=\"wpforms-field-row wpforms-field-medium\"><div class=\"wpforms-field-row-block wpforms-first wpforms-one-half\"><input type=\"text\" id=\"wpforms-1545-field_0\" class=\"wpforms-field-name-first wpforms-field-required\" name=\"wpforms[fields][0][first]\" aria-errormessage=\"wpforms-1545-field_0-error\" required><label for=\"wpforms-1545-field_0\" class=\"wpforms-field-sublabel after \">Pr\u00e9nom<\/label><\/div><div class=\"wpforms-field-row-block wpforms-one-half\"><input type=\"text\" id=\"wpforms-1545-field_0-last\" class=\"wpforms-field-name-last wpforms-field-required\" name=\"wpforms[fields][0][last]\" aria-errormessage=\"wpforms-1545-field_0-last-error\" required><label for=\"wpforms-1545-field_0-last\" class=\"wpforms-field-sublabel after \">Nom<\/label><\/div><\/div><\/fieldset><\/div><div id=\"wpforms-1545-field_1-container\" class=\"wpforms-field wpforms-field-email\" data-field-id=\"1\"><label class=\"wpforms-field-label\" for=\"wpforms-1545-field_1\">E-mail <span class=\"wpforms-required-label\" aria-hidden=\"true\">*<\/span><\/label><input type=\"email\" id=\"wpforms-1545-field_1\" class=\"wpforms-field-medium wpforms-field-required\" name=\"wpforms[fields][1]\" spellcheck=\"false\" aria-errormessage=\"wpforms-1545-field_1-error\" required><\/div><div id=\"wpforms-1545-field_2-container\" class=\"wpforms-field wpforms-field-textarea\" data-field-id=\"2\"><label class=\"wpforms-field-label\" for=\"wpforms-1545-field_2\">Commentaire ou message<\/label><textarea id=\"wpforms-1545-field_2\" class=\"wpforms-field-medium\" name=\"wpforms[fields][2]\" aria-errormessage=\"wpforms-1545-field_2-error\" ><\/textarea><\/div><\/div><!-- .wpforms-field-container --><div class=\"wpforms-submit-container\" ><input type=\"hidden\" name=\"wpforms[id]\" value=\"1545\"><input type=\"hidden\" name=\"wpforms[author]\" value=\"1\"><button type=\"submit\" name=\"wpforms[submit]\" id=\"wpforms-submit-1545\" class=\"wpforms-submit\" data-alt-text=\"Envoi...\" data-submit-text=\"Envoyer\" aria-live=\"assertive\" value=\"wpforms-submit\">Envoyer<\/button><img loading=\"lazy\" decoding=\"async\" src=\"https:\/\/www.thats-it.fr\/wp-content\/plugins\/wpforms-lite\/assets\/images\/submit-spin.svg\" class=\"wpforms-submit-spinner\" style=\"display: none;\" width=\"26\" height=\"26\" alt=\"Chargement en cours\"><\/div><\/form><\/div>  <!-- .wpforms-container --><\/div>\n\n\n\n<div class=\"wp-block-column is-layout-flow wp-block-column-is-layout-flow\" style=\"flex-basis:460px\"><div class=\"is-default-size wp-block-site-logo\"><a href=\"https:\/\/www.thats-it.fr\/\" class=\"custom-logo-link  no-t-logo\" rel=\"home\" itemprop=\"url\"><img loading=\"lazy\" decoding=\"async\" width=\"600\" height=\"144\" src=\"https:\/\/www.thats-it.fr\/wp-content\/uploads\/2023\/05\/logo.png\" class=\"custom-logo\" alt=\"That&#039;s it\" itemprop=\"logo\" srcset=\"https:\/\/www.thats-it.fr\/wp-content\/uploads\/2023\/05\/logo.png 600w, https:\/\/www.thats-it.fr\/wp-content\/uploads\/2023\/05\/logo-300x72.png 300w\" sizes=\"auto, (max-width: 600px) 100vw, 600px\" \/><\/a><\/div><\/div>\n<\/div>\n","protected":false},"excerpt":{"rendered":"<p>Protection contre les virus envelopp\u00e9s et les bacteries, ainsi que contre les dommages, pour une dur\u00e9e d&rsquo;un an Jusqu&rsquo;\u00e0 deux ans de protection contre les virus envelopp\u00e9s et les bact\u00e9ries &#8230;<\/p>\n","protected":false},"author":1,"featured_media":121,"parent":0,"menu_order":0,"comment_status":"closed","ping_status":"closed","template":"template-fullwidth-stretched.php","meta":{"footnotes":""},"class_list":["post-160","page","type-page","status-publish","has-post-thumbnail","hentry"],"_links":{"self":[{"href":"https:\/\/www.thats-it.fr\/index.php\/wp-json\/wp\/v2\/pages\/160","targetHints":{"allow":["GET"]}}],"collection":[{"href":"https:\/\/www.thats-it.fr\/index.php\/wp-json\/wp\/v2\/pages"}],"about":[{"href":"https:\/\/www.thats-it.fr\/index.php\/wp-json\/wp\/v2\/types\/page"}],"author":[{"embeddable":true,"href":"https:\/\/www.thats-it.fr\/index.php\/wp-json\/wp\/v2\/users\/1"}],"replies":[{"embeddable":true,"href":"https:\/\/www.thats-it.fr\/index.php\/wp-json\/wp\/v2\/comments?post=160"}],"version-history":[{"count":39,"href":"https:\/\/www.thats-it.fr\/index.php\/wp-json\/wp\/v2\/pages\/160\/revisions"}],"predecessor-version":[{"id":1948,"href":"https:\/\/www.thats-it.fr\/index.php\/wp-json\/wp\/v2\/pages\/160\/revisions\/1948"}],"wp:featuredmedia":[{"embeddable":true,"href":"https:\/\/www.thats-it.fr\/index.php\/wp-json\/wp\/v2\/media\/121"}],"wp:attachment":[{"href":"https:\/\/www.thats-it.fr\/index.php\/wp-json\/wp\/v2\/media?parent=160"}],"curies":[{"name":"wp","href":"https:\/\/api.w.org\/{rel}","templated":true}]}}